{"id":7,"date":"2019-02-20T08:39:52","date_gmt":"2019-02-20T08:39:52","guid":{"rendered":"https:\/\/2019.ileife.wordcamp.org\/schedule\/"},"modified":"2019-06-26T19:55:16","modified_gmt":"2019-06-26T19:55:16","slug":"schedule","status":"publish","type":"page","link":"https:\/\/ileife.wordcamp.org\/2019\/schedule\/","title":{"rendered":"Schedule"},"content":{"rendered":"<p>&nbsp;<\/p>\n<h1>Saturday, September 21st<\/h1>\n<table class=\"wcpt-schedule\" border=\"0\"><thead><tr><th class=\"wcpt-col-time\">Time<\/th><th class=\"wcpt-col-track\"> <span class=\"wcpt-track-name\"><\/span> <span class=\"wcpt-track-description\"><\/span> <\/th><\/tr><\/thead><tbody><tr class=\"wcpt-time-900am global-session registrations-and-swag-pickup\"><td class=\"wcpt-time\">9:00&nbsp;am<\/td><td colspan=\"1\" class=\"wcpt-session-type-session wcb-session-registrations-and-swag-pickup\" data-track-title=\"\" data-session-id=\"659\"><div class=\"wcb-session-cell-content\"><a class=\"wcpt-session-title\" href=\"https:\/\/ileife.wordcamp.org\/2019\/session\/registrations-and-swag-pickup\/\">Registrations and Swag pickup<\/a><\/div><div class=\"wcb-session-favourite-icon\"><a href=\"#\" role=\"button\" class=\"fav-session-button\" aria-pressed=\"false\"><span class=\"screen-reader-text\">Favorite session: Registrations and Swag pickup<\/span><span class=\"dashicons dashicons-star-filled\"><\/span><\/a><\/div><\/td><\/tr><tr class=\"wcpt-time-920am global-session introduction-and-welcome\"><td class=\"wcpt-time\">9:20&nbsp;am<\/td><td colspan=\"1\" class=\"wcpt-session-type-session wcb-session-introduction-and-welcome\" data-track-title=\"\" data-session-id=\"661\"><div class=\"wcb-session-cell-content\"><a class=\"wcpt-session-title\" href=\"https:\/\/ileife.wordcamp.org\/2019\/session\/introduction-and-welcome\/\">Introduction and Welcome<\/a><\/div><div class=\"wcb-session-favourite-icon\"><a href=\"#\" role=\"button\" class=\"fav-session-button\" aria-pressed=\"false\"><span class=\"screen-reader-text\">Favorite session: Introduction and Welcome<\/span><span class=\"dashicons dashicons-star-filled\"><\/span><\/a><\/div><\/td><\/tr><tr class=\"wcpt-time-930am global-session keynote-speech-powering-a-digital-today\"><td class=\"wcpt-time\">9:30&nbsp;am<\/td><td colspan=\"1\" class=\"wcb-speaker-gbolade-ogunfowote wcpt-session-type-session wcb-session-keynote-speech-powering-a-digital-today\" data-track-title=\"\" data-session-id=\"663\"><div class=\"wcb-session-cell-content\"><a class=\"wcpt-session-title\" href=\"https:\/\/ileife.wordcamp.org\/2019\/session\/keynote-speech-powering-a-digital-today\/\">Keynote Speech. (Powering a digital today)<\/a> <span class=\"wcpt-session-speakers\"><a href=\"https:\/\/ileife.wordcamp.org\/2019\/speakers\/#wcorg-speaker-gbolade-ogunfowote\">Gbolade Ogunfowote<\/a><\/span><\/div><div class=\"wcb-session-favourite-icon\"><a href=\"#\" role=\"button\" class=\"fav-session-button\" aria-pressed=\"false\"><span class=\"screen-reader-text\">Favorite session: Keynote Speech. (Powering a digital today)<\/span><span class=\"dashicons dashicons-star-filled\"><\/span><\/a><\/div><\/td><\/tr><tr class=\"wcpt-time-950am global-session finding-your-voice-and-standing-out-as-a-creative\"><td class=\"wcpt-time\">9:50&nbsp;am<\/td><td colspan=\"1\" class=\"wcb-speaker-savior-okusenogu wcpt-session-type-session wcb-session-finding-your-voice-and-standing-out-as-a-creative\" data-track-title=\"\" data-session-id=\"691\"><div class=\"wcb-session-cell-content\"><a class=\"wcpt-session-title\" href=\"https:\/\/ileife.wordcamp.org\/2019\/session\/finding-your-voice-and-standing-out-as-a-creative\/\">Finding your voice and standing out as a creative<\/a> <span class=\"wcpt-session-speakers\"><a href=\"https:\/\/ileife.wordcamp.org\/2019\/speakers\/#wcorg-speaker-savior-okusenogu\">Savior Okusenogu<\/a><\/span><\/div><div class=\"wcb-session-favourite-icon\"><a href=\"#\" role=\"button\" class=\"fav-session-button\" aria-pressed=\"false\"><span class=\"screen-reader-text\">Favorite session: Finding your voice and standing out as a creative<\/span><span class=\"dashicons dashicons-star-filled\"><\/span><\/a><\/div><\/td><\/tr><tr class=\"wcpt-time-1020am global-session building-your-websites-with-gutenberg\"><td class=\"wcpt-time\">10:20&nbsp;am<\/td><td colspan=\"1\" class=\"wcb-speaker-sodiq-akinjobi wcpt-session-type-session wcb-session-building-your-websites-with-gutenberg\" data-track-title=\"\" data-session-id=\"667\"><div class=\"wcb-session-cell-content\"><a class=\"wcpt-session-title\" href=\"https:\/\/ileife.wordcamp.org\/2019\/session\/building-your-websites-with-gutenberg\/\">Building your websites with Gutenberg<\/a> <span class=\"wcpt-session-speakers\"><a href=\"https:\/\/ileife.wordcamp.org\/2019\/speakers\/#wcorg-speaker-sodiq-akinjobi\">Sodiq Akinjobi<\/a><\/span><\/div><div class=\"wcb-session-favourite-icon\"><a href=\"#\" role=\"button\" class=\"fav-session-button\" aria-pressed=\"false\"><span class=\"screen-reader-text\">Favorite session: Building your websites with Gutenberg<\/span><span class=\"dashicons dashicons-star-filled\"><\/span><\/a><\/div><\/td><\/tr><tr class=\"wcpt-time-1050am global-session making-my-first-million-and-scaling-from-freelancing-to-founding-a-data-science-company\"><td class=\"wcpt-time\">10:50&nbsp;am<\/td><td colspan=\"1\" class=\"wcb-speaker-wale-adeyemo wcpt-session-type-session wcb-session-making-my-first-million-and-scaling-from-freelancing-to-founding-a-data-science-company\" data-track-title=\"\" data-session-id=\"669\"><div class=\"wcb-session-cell-content\"><a class=\"wcpt-session-title\" href=\"https:\/\/ileife.wordcamp.org\/2019\/session\/making-my-first-million-and-scaling-from-freelancing-to-founding-a-data-science-company\/\">Making my first million and scaling from freelancing to founding a data science company.<\/a> <span class=\"wcpt-session-speakers\"><a href=\"https:\/\/ileife.wordcamp.org\/2019\/speakers\/#wcorg-speaker-wale-adeyemo\">Wale Adeyemo<\/a><\/span><\/div><div class=\"wcb-session-favourite-icon\"><a href=\"#\" role=\"button\" class=\"fav-session-button\" aria-pressed=\"false\"><span class=\"screen-reader-text\">Favorite session: Making my first million and scaling from freelancing to founding a data science company.<\/span><span class=\"dashicons dashicons-star-filled\"><\/span><\/a><\/div><\/td><\/tr><tr class=\"wcpt-time-1120am global-session coffee-and-snacks-break\"><td class=\"wcpt-time\">11:20&nbsp;am<\/td><td colspan=\"1\" class=\"wcpt-session-type-custom wcb-session-coffe-and-snacks-break\" data-track-title=\"\" data-session-id=\"672\"><div class=\"wcb-session-cell-content\"><span class=\"wcpt-session-title\">Coffee and Snacks Break<\/span><\/div><\/td><\/tr><tr class=\"wcpt-time-1130am global-session the-art-of-building-relevant-productssoftwareswebsites-and-securing-them\"><td class=\"wcpt-time\">11:30&nbsp;am<\/td><td colspan=\"1\" class=\"wcb-speaker-akintunde-sultan wcb-speaker-shoboysnr wcb-speaker-michael-okoko wcb-speaker-ibrahim-zulkifli wcb-speaker-gabyslaw wcb-session-category-panel-session wcpt-session-type-session wcb-session-the-art-of-building-relevant-products-softwares-websites-and-securing-them\" data-track-title=\"\" data-session-id=\"674\"><div class=\"wcb-session-cell-content\"><a class=\"wcpt-session-title\" href=\"https:\/\/ileife.wordcamp.org\/2019\/session\/the-art-of-building-relevant-products-softwares-websites-and-securing-them\/\">The art of building relevant products\/softwares\/websites and securing them<\/a> <span class=\"wcpt-session-speakers\"><a href=\"https:\/\/ileife.wordcamp.org\/2019\/speakers\/#wcorg-speaker-akintunde-sultan\">Akintunde Sultan<\/a>, <a href=\"https:\/\/ileife.wordcamp.org\/2019\/speakers\/#wcorg-speaker-shoboysnr\">Damilare Shobowale<\/a>, <a href=\"https:\/\/ileife.wordcamp.org\/2019\/speakers\/#wcorg-speaker-michael-okoko\">Michael Okoko<\/a>, <a href=\"https:\/\/ileife.wordcamp.org\/2019\/speakers\/#wcorg-speaker-ibrahim-zulkifli\">Ibrahim Zulkifli<\/a>, <a href=\"https:\/\/ileife.wordcamp.org\/2019\/speakers\/#wcorg-speaker-gabyslaw\">Ayokunle Olowoniwa<\/a><\/span><\/div><div class=\"wcb-session-favourite-icon\"><a href=\"#\" role=\"button\" class=\"fav-session-button\" aria-pressed=\"false\"><span class=\"screen-reader-text\">Favorite session: The art of building relevant products\/softwares\/websites and securing them<\/span><span class=\"dashicons dashicons-star-filled\"><\/span><\/a><\/div><\/td><\/tr><tr class=\"wcpt-time-1210pm global-session building-a-digital-nervous-system\"><td class=\"wcpt-time\">12:10&nbsp;pm<\/td><td colspan=\"1\" class=\"wcb-speaker-charles-adetola wcpt-session-type-session wcb-session-building-a-digital-nervous-system\" data-track-title=\"\" data-session-id=\"676\"><div class=\"wcb-session-cell-content\"><a class=\"wcpt-session-title\" href=\"https:\/\/ileife.wordcamp.org\/2019\/session\/building-a-digital-nervous-system\/\">Building a digital nervous system.<\/a> <span class=\"wcpt-session-speakers\"><a href=\"https:\/\/ileife.wordcamp.org\/2019\/speakers\/#wcorg-speaker-charles-adetola\">Charles Adetola<\/a><\/span><\/div><div class=\"wcb-session-favourite-icon\"><a href=\"#\" role=\"button\" class=\"fav-session-button\" aria-pressed=\"false\"><span class=\"screen-reader-text\">Favorite session: Building a digital nervous system.<\/span><span class=\"dashicons dashicons-star-filled\"><\/span><\/a><\/div><\/td><\/tr><tr class=\"wcpt-time-1240pm global-session digital-entrepreneurship-and-opportunities\"><td class=\"wcpt-time\">12:40&nbsp;pm<\/td><td colspan=\"1\" class=\"wcb-speaker-joshua-igba wcpt-session-type-session wcb-session-digital-entrepreneurship-and-opportunities\" data-track-title=\"\" data-session-id=\"678\"><div class=\"wcb-session-cell-content\"><a class=\"wcpt-session-title\" href=\"https:\/\/ileife.wordcamp.org\/2019\/session\/digital-entrepreneurship-and-opportunities\/\">Digital Entrepreneurship and opportunities<\/a> <span class=\"wcpt-session-speakers\"><a href=\"https:\/\/ileife.wordcamp.org\/2019\/speakers\/#wcorg-speaker-joshua-igba\">Joshua Igba<\/a><\/span><\/div><div class=\"wcb-session-favourite-icon\"><a href=\"#\" role=\"button\" class=\"fav-session-button\" aria-pressed=\"false\"><span class=\"screen-reader-text\">Favorite session: Digital Entrepreneurship and opportunities<\/span><span class=\"dashicons dashicons-star-filled\"><\/span><\/a><\/div><\/td><\/tr><tr class=\"wcpt-time-110pm global-session lunch-break\"><td class=\"wcpt-time\">1:10&nbsp;pm<\/td><td colspan=\"1\" class=\"wcpt-session-type-custom wcb-session-lunch-break\" data-track-title=\"\" data-session-id=\"686\"><div class=\"wcb-session-cell-content\"><span class=\"wcpt-session-title\">Lunch Break<\/span><\/div><\/td><\/tr><tr class=\"wcpt-time-140pm global-session the-art-of-building-a-business-from-a-productskill-or-as-a-freelancer\"><td class=\"wcpt-time\">1:40&nbsp;pm<\/td><td colspan=\"1\" class=\"wcb-speaker-barakat-olatinwo wcb-speaker-famosipe-gabriel wcb-speaker-olatunde-wealth wcb-speaker-sunday-ukafia wcb-speaker-tk-banks wcb-session-category-panel-session wcpt-session-type-session wcb-session-the-art-of-building-a-business-from-a-product-skill-or-as-a-freelancer\" data-track-title=\"\" data-session-id=\"688\"><div class=\"wcb-session-cell-content\"><a class=\"wcpt-session-title\" href=\"https:\/\/ileife.wordcamp.org\/2019\/session\/the-art-of-building-a-business-from-a-product-skill-or-as-a-freelancer\/\">The art of building a business from a product\/skill or as a freelancer<\/a> <span class=\"wcpt-session-speakers\"><a href=\"https:\/\/ileife.wordcamp.org\/2019\/speakers\/#wcorg-speaker-barakat-olatinwo\">Barakat Olatinwo<\/a>, <a href=\"https:\/\/ileife.wordcamp.org\/2019\/speakers\/#wcorg-speaker-famosipe-gabriel\">Famosipe Gabriel<\/a>, <a href=\"https:\/\/ileife.wordcamp.org\/2019\/speakers\/#wcorg-speaker-olatunde-wealth\">Olatunde Wealth<\/a>, <a href=\"https:\/\/ileife.wordcamp.org\/2019\/speakers\/#wcorg-speaker-sunday-ukafia\">Sunday Ukafia<\/a>, <a href=\"https:\/\/ileife.wordcamp.org\/2019\/speakers\/#wcorg-speaker-tk-banks\">Shonibare Itekena<\/a><\/span><\/div><div class=\"wcb-session-favourite-icon\"><a href=\"#\" role=\"button\" class=\"fav-session-button\" aria-pressed=\"false\"><span class=\"screen-reader-text\">Favorite session: The art of building a business from a product\/skill or as a freelancer<\/span><span class=\"dashicons dashicons-star-filled\"><\/span><\/a><\/div><\/td><\/tr><tr class=\"wcpt-time-215pm global-session process-hack-reaching-your-deadline-when-due\"><td class=\"wcpt-time\">2:15&nbsp;pm<\/td><td colspan=\"1\" class=\"wcb-speaker-grace-ashama wcpt-session-type-session wcb-session-process-hack-reaching-your-deadline-when-due\" data-track-title=\"\" data-session-id=\"683\"><div class=\"wcb-session-cell-content\"><a class=\"wcpt-session-title\" href=\"https:\/\/ileife.wordcamp.org\/2019\/session\/process-hack-reaching-your-deadline-when-due\/\">Process Hack.(Reaching your deadline when due)<\/a> <span class=\"wcpt-session-speakers\"><a href=\"https:\/\/ileife.wordcamp.org\/2019\/speakers\/#wcorg-speaker-grace-ashama\">Grace Ashama<\/a><\/span><\/div><div class=\"wcb-session-favourite-icon\"><a href=\"#\" role=\"button\" class=\"fav-session-button\" aria-pressed=\"false\"><span class=\"screen-reader-text\">Favorite session: Process Hack.(Reaching your deadline when due)<\/span><span class=\"dashicons dashicons-star-filled\"><\/span><\/a><\/div><\/td><\/tr><tr class=\"wcpt-time-245pm global-session business-of-the-21st-century-technology-the-language-of-the-21st-century\"><td class=\"wcpt-time\">2:45&nbsp;pm<\/td><td colspan=\"1\" class=\"wcb-speaker-sunday-ukafia wcpt-session-type-session wcb-session-business-of-the-21st-century-technology-the-language-of-the-21st-century\" data-track-title=\"\" data-session-id=\"814\"><div class=\"wcb-session-cell-content\"><a class=\"wcpt-session-title\" href=\"https:\/\/ileife.wordcamp.org\/2019\/session\/business-of-the-21st-century-technology-the-language-of-the-21st-century\/\">Business of the 21st Century (Technology: the language of the 21st century<\/a> <span class=\"wcpt-session-speakers\"><a href=\"https:\/\/ileife.wordcamp.org\/2019\/speakers\/#wcorg-speaker-sunday-ukafia\">Sunday Ukafia<\/a><\/span><\/div><div class=\"wcb-session-favourite-icon\"><a href=\"#\" role=\"button\" class=\"fav-session-button\" aria-pressed=\"false\"><span class=\"screen-reader-text\">Favorite session: Business of the 21st Century (Technology: the language of the 21st century<\/span><span class=\"dashicons dashicons-star-filled\"><\/span><\/a><\/div><\/td><\/tr><tr class=\"wcpt-time-315pm global-session the-future-of-social-media-the-art-of-digital-marketing\"><td class=\"wcpt-time\">3:15&nbsp;pm<\/td><td colspan=\"1\" class=\"wcb-speaker-ketiku-oluwafemi-osmond wcb-speaker-olagoke-tobi wcb-speaker-ife-agboola wcb-speaker-gomina-dafidi wcb-speaker-hillary-goodness wcb-session-category-panel-session wcpt-session-type-session wcb-session-the-future-of-social-media-the-art-of-digital-marketing\" data-track-title=\"\" data-session-id=\"693\"><div class=\"wcb-session-cell-content\"><a class=\"wcpt-session-title\" href=\"https:\/\/ileife.wordcamp.org\/2019\/session\/the-future-of-social-media-the-art-of-digital-marketing\/\">The future of Social media. The art of Digital Marketing.<\/a> <span class=\"wcpt-session-speakers\"><a href=\"https:\/\/ileife.wordcamp.org\/2019\/speakers\/#wcorg-speaker-ketiku-oluwafemi-osmond\">Ketiku Oluwafemi Osmond<\/a>, <a href=\"https:\/\/ileife.wordcamp.org\/2019\/speakers\/#wcorg-speaker-olagoke-tobi\">Olagoke Tobi<\/a>, <a href=\"https:\/\/ileife.wordcamp.org\/2019\/speakers\/#wcorg-speaker-ife-agboola\">Ife Agboola<\/a>, <a href=\"https:\/\/ileife.wordcamp.org\/2019\/speakers\/#wcorg-speaker-gomina-dafidi\">G\u00f3m\u00edn\u00e0 D\u00e1f\u00edd\u00ec<\/a>, <a href=\"https:\/\/ileife.wordcamp.org\/2019\/speakers\/#wcorg-speaker-hillary-goodness\">Hillary Goodness<\/a><\/span><\/div><div class=\"wcb-session-favourite-icon\"><a href=\"#\" role=\"button\" class=\"fav-session-button\" aria-pressed=\"false\"><span class=\"screen-reader-text\">Favorite session: The future of Social media. The art of Digital Marketing.<\/span><span class=\"dashicons dashicons-star-filled\"><\/span><\/a><\/div><\/td><\/tr><tr class=\"wcpt-time-350pm global-session closing-remarks\"><td class=\"wcpt-time\">3:50&nbsp;pm<\/td><td colspan=\"1\" class=\"wcpt-session-type-session wcb-session-closing-remarks\" data-track-title=\"\" data-session-id=\"696\"><div class=\"wcb-session-cell-content\"><a class=\"wcpt-session-title\" href=\"https:\/\/ileife.wordcamp.org\/2019\/session\/closing-remarks\/\">Closing Remarks.<\/a><\/div><div class=\"wcb-session-favourite-icon\"><a href=\"#\" role=\"button\" class=\"fav-session-button\" aria-pressed=\"false\"><span class=\"screen-reader-text\">Favorite session: Closing Remarks.<\/span><span class=\"dashicons dashicons-star-filled\"><\/span><\/a><\/div><\/td><\/tr><\/tbody><\/table>\n\t<div class=\"email-form fav-session-email-form-hide\">\n\t\t<!-- Tab links -->\n\t\t<div class=\"fav-session-share-tab\">\n\t\t\t\t\t\t\t<div class=\"fav-session-tablinks\" id=\"fav-session-btn-email\">\n\t\t\t\t\tEmail\t\t\t\t<\/div>\n\t\t\t\n\t\t\t<div class=\"fav-session-tablinks\" id=\"fav-session-btn-link\">\n\t\t\t\tLink\t\t\t<\/div>\n\n\t\t\t<div class=\"fav-session-tablinks\" id=\"fav-session-btn-print\">\n\t\t\t\tPrint\t\t\t<\/div>\n\t\t<\/div>\n\n\t\t<!-- Tab content -->\n\t\t\t\t\t<div id=\"fav-session-tab-email\" class=\"fav-session-share-tabcontent\">\n\t\t\t\t<div id=\"fav-session-email-form\">\n\t\t\t\t\tSend me my favorite sessions:\n\t\t\t\t\t<form id=\"fav-sessions-form\">\n\t\t\t\t\t\t<input\n\t\t\t\t\t\t\ttype=\"text\"\n\t\t\t\t\t\t\tname=\"email_address\"\n\t\t\t\t\t\t\tid=\"fav-sessions-email-address\"\n\t\t\t\t\t\t\tplaceholder=\"me@protonmail.com\"\n\t\t\t\t\t\t\/>\n\t\t\t\t\t\t<input type=\"submit\" value=\"Send\" \/>\n\t\t\t\t\t<\/form>\n\t\t\t\t<\/div>\n\n\t\t\t\t<div class=\"fav-session-email-wait-spinner\"><\/div>\n\t\t\t\t<div class=\"fav-session-email-result\"><\/div>\n\t\t\t<\/div>\n\t\t\n\t\t<div id=\"fav-session-tab-link\" class=\"fav-session-share-tabcontent\">\n\t\t\tShareable link:\t\t\t<br \/>\n\t\t\t<a id=\"fav-sessions-link\" href=\"\"><\/a>\n\t\t<\/div>\n\n\t\t<div id=\"fav-session-tab-print\" class=\"fav-session-share-tabcontent\">\n\t\t\t<button id=\"fav-session-print\">\n\t\t\t\tPrint favorite sessions\t\t\t<\/button>\n\t\t<\/div>\n\t<\/div>\n\n\t<a class=\"show-email-form\" href=\"javascript:\">\n\t\t<span class=\"dashicons dashicons-star-filled\"><\/span>\n\t\t<span class=\"dashicons dashicons-email-alt\"><\/span>\n\t<\/a>\n\n\t\n","protected":false},"excerpt":{"rendered":"<p>&nbsp; Saturday, September 21st<\/p>\n","protected":false},"author":16723524,"featured_media":0,"parent":0,"menu_order":0,"comment_status":"closed","ping_status":"closed","template":"","meta":{"jetpack_post_was_ever_published":false,"footnotes":""},"class_list":["post-7","page","type-page","status-publish","hentry"],"jetpack_sharing_enabled":true,"jetpack_shortlink":"https:\/\/wp.me\/PaKeE6-7","_links":{"self":[{"href":"https:\/\/ileife.wordcamp.org\/2019\/wp-json\/wp\/v2\/pages\/7","targetHints":{"allow":["GET"]}}],"collection":[{"href":"https:\/\/ileife.wordcamp.org\/2019\/wp-json\/wp\/v2\/pages"}],"about":[{"href":"https:\/\/ileife.wordcamp.org\/2019\/wp-json\/wp\/v2\/types\/page"}],"author":[{"embeddable":true,"href":"https:\/\/ileife.wordcamp.org\/2019\/wp-json\/wp\/v2\/users\/16723524"}],"replies":[{"embeddable":true,"href":"https:\/\/ileife.wordcamp.org\/2019\/wp-json\/wp\/v2\/comments?post=7"}],"version-history":[{"count":3,"href":"https:\/\/ileife.wordcamp.org\/2019\/wp-json\/wp\/v2\/pages\/7\/revisions"}],"predecessor-version":[{"id":268,"href":"https:\/\/ileife.wordcamp.org\/2019\/wp-json\/wp\/v2\/pages\/7\/revisions\/268"}],"wp:attachment":[{"href":"https:\/\/ileife.wordcamp.org\/2019\/wp-json\/wp\/v2\/media?parent=7"}],"curies":[{"name":"wp","href":"https:\/\/api.w.org\/{rel}","templated":true}]}}